{"id":209,"date":"2015-07-14T14:50:10","date_gmt":"2015-07-14T12:50:10","guid":{"rendered":"http:\/\/test.kriesi.at\/minimal-portfolio\/?page_id=9"},"modified":"2023-05-22T12:32:40","modified_gmt":"2023-05-22T10:32:40","slug":"home","status":"publish","type":"page","link":"https:\/\/phiva.es\/de\/","title":{"rendered":"Home"},"content":{"rendered":"<div id='av_section_1'  class='avia-section av-ladu3i8r-40e80a0a91399854e3b8519b20df4965 main_color avia-section-small avia-no-border-styling  avia-builder-el-0  el_before_av_section  avia-builder-el-first  avia-bg-style-scroll container_wrap fullsize'  ><div class='container av-section-cont-open' ><main  role=\"main\" itemprop=\"mainContentOfPage\"  class='template-page content  av-content-full alpha units'><div class='post-entry post-entry-type-page post-entry-209'><div class='entry-content-wrapper clearfix'>\n<\/div><\/div><\/main><!-- close content main element --><\/div><\/div><div id='av_section_2'  class='avia-section av-2rccm9-c47cea9d8b5aedff998d87f97b5891d7 main_color avia-section-default avia-no-border-styling  avia-builder-el-1  el_after_av_section  avia-builder-el-last  avia-bg-style-scroll container_wrap fullsize'  ><div class='container av-section-cont-open' ><div class='template-page content  av-content-full alpha units'><div class='post-entry post-entry-type-page post-entry-209'><div class='entry-content-wrapper clearfix'>\n\n<style type=\"text\/css\" data-created_by=\"avia_inline_auto\" id=\"style-css-av-2lpms1-8a4a605edfacb5664852f7f6b191e3c6\">\n.flex_column.av-2lpms1-8a4a605edfacb5664852f7f6b191e3c6{\nborder-radius:0px 0px 0px 0px;\npadding:0px 0px 0px 0px;\n}\n<\/style>\n<div  class='flex_column av-2lpms1-8a4a605edfacb5664852f7f6b191e3c6 av_one_full  avia-builder-el-2  el_before_av_one_half  avia-builder-el-first  first flex_column_div av-animated-generic bottom-to-top av-zero-column-padding  '     ><style type=\"text\/css\" data-created_by=\"avia_inline_auto\" id=\"style-css-av-2dia29-04cf912f7574c81035b8f0705ef20092\">\n#top .av-special-heading.av-2dia29-04cf912f7574c81035b8f0705ef20092{\npadding-bottom:20px;\ncolor:#000000;\nfont-size:40px;\n}\nbody .av-special-heading.av-2dia29-04cf912f7574c81035b8f0705ef20092 .av-special-heading-tag .heading-char{\nfont-size:25px;\n}\n#top #wrap_all .av-special-heading.av-2dia29-04cf912f7574c81035b8f0705ef20092 .av-special-heading-tag{\nfont-size:40px;\n}\n.av-special-heading.av-2dia29-04cf912f7574c81035b8f0705ef20092 .special-heading-inner-border{\nborder-color:#000000;\n}\n.av-special-heading.av-2dia29-04cf912f7574c81035b8f0705ef20092 .av-subheading{\nfont-size:15px;\n}\n\n@media only screen and (min-width: 480px) and (max-width: 767px){ \n#top #wrap_all .av-special-heading.av-2dia29-04cf912f7574c81035b8f0705ef20092 .av-special-heading-tag{\nfont-size:0.8em;\n}\n}\n\n@media only screen and (max-width: 479px){ \n#top #wrap_all .av-special-heading.av-2dia29-04cf912f7574c81035b8f0705ef20092 .av-special-heading-tag{\nfont-size:0.8em;\n}\n}\n<\/style>\n<div  class='av-special-heading av-2dia29-04cf912f7574c81035b8f0705ef20092 av-special-heading-h1 custom-color-heading blockquote modern-quote modern-centered  avia-builder-el-3  avia-builder-el-no-sibling  av-inherit-size'><h1 class='av-special-heading-tag '  itemprop=\"headline\"  >Pragmatische Webapplikations\u00adentwicklung<\/h1><div class='av_custom_color av-subheading av-subheading_below'><p>Wir helfen Unternehmen, sich auf ihr Kerngesch\u00e4ft zu konzentrieren<\/p>\n<\/div><div class=\"special-heading-border\"><div class=\"special-heading-inner-border\"><\/div><\/div><\/div><\/div>\n<style type=\"text\/css\" data-created_by=\"avia_inline_auto\" id=\"style-css-av-29dmzd-b79ec29da2ddfa86add8315d59234758\">\n.flex_column.av-29dmzd-b79ec29da2ddfa86add8315d59234758{\nborder-radius:0px 0px 0px 0px;\npadding:0px 0px 0px 0px;\n}\n<\/style>\n<div  class='flex_column av-29dmzd-b79ec29da2ddfa86add8315d59234758 av_one_half  avia-builder-el-4  el_after_av_one_full  el_before_av_one_half  first flex_column_div av-animated-generic bottom-to-top av-zero-column-padding  column-top-margin'     ><section  class='av_textblock_section av-213b0h-f37a3459afbd6ad85a4a9fab6f4edce5 '   itemscope=\"itemscope\" itemtype=\"https:\/\/schema.org\/CreativeWork\" ><div class='avia_textblock'  itemprop=\"text\" ><p>Seit 2011 bauen wir ma\u00dfgeschneiderte Webapplikationen f\u00fcr Unternehmen aller Gr\u00f6\u00dfen. Mit unserer Erfahrung decken wir den gesamten Zyklus eines Projekts ab: Analyse, Konzept, Umsetzung, Wartung, Weiterentwicklung. Dabei stimmen wir die Entwicklung auf die exakten Bed\u00fcrfnisse unserer Kunden ab und vermeiden \u201coverengineering\u201d \u2013 wir entwickeln pragmatisch. Wir verwenden wieder, was da ist \u2013 man muss das Rad nicht jedes Mal neu erfinden.<\/p>\n<\/div><\/section><\/div>\n<style type=\"text\/css\" data-created_by=\"avia_inline_auto\" id=\"style-css-av-1yburl-256e55fc2344e9e014566aff6f374e28\">\n.flex_column.av-1yburl-256e55fc2344e9e014566aff6f374e28{\nborder-radius:0px 0px 0px 0px;\npadding:0px 0px 0px 0px;\n}\n<\/style>\n<div  class='flex_column av-1yburl-256e55fc2344e9e014566aff6f374e28 av_one_half  avia-builder-el-6  el_after_av_one_half  el_before_av_hr  flex_column_div av-animated-generic bottom-to-top av-zero-column-padding  column-top-margin'     ><section  class='av_textblock_section av-1px4m9-79f47c3725fc309c147f178458dfce06 '   itemscope=\"itemscope\" itemtype=\"https:\/\/schema.org\/CreativeWork\" ><div class='avia_textblock'  itemprop=\"text\" ><p>Wir setzen nicht blind um, sondern hinterfragen Anforderungen und planen, wie eine m\u00f6glichst effiziente L\u00f6sung aussehen kann. Und wenn\u2019s klein nicht geht, bauen wir eben etwas Gr\u00f6\u00dferes. Unsere Software entwickeln wir immer mit Blick auf den generellen Markt, das vorhandene Budget, die erwartete Lebensdauer und ben\u00f6tigte Skalierung.<\/p>\n<\/div><\/section><\/div>\n<style type=\"text\/css\" data-created_by=\"avia_inline_auto\" id=\"style-css-av-1kfgvl-34aed367695800718aaca0fdd6f8391a\">\n#top .hr.av-1kfgvl-34aed367695800718aaca0fdd6f8391a{\nmargin-top:50px;\nmargin-bottom:50px;\n}\n.hr.av-1kfgvl-34aed367695800718aaca0fdd6f8391a .hr-inner{\nwidth:50px;\nborder-color:#f2f2f2;\n}\n<\/style>\n<div  class='hr av-1kfgvl-34aed367695800718aaca0fdd6f8391a hr-custom  avia-builder-el-8  el_after_av_one_half  el_before_av_one_fourth  hr-center hr-icon-no'><span class='hr-inner inner-border-av-border-fat'><span class=\"hr-inner-style\"><\/span><\/span><\/div>\n<div  class='flex_column av-fvj09-9dca527a816643a4dc3ee457780f7743 av_one_fourth  avia-builder-el-9  el_after_av_hr  el_before_av_three_fourth  first flex_column_div  '     ><p>\n<style type=\"text\/css\" data-created_by=\"avia_inline_auto\" id=\"style-css-av-lalgpvwi-66792a51ce373e2b0566bf02dedd4ac7\">\n#top .av-special-heading.av-lalgpvwi-66792a51ce373e2b0566bf02dedd4ac7{\npadding-bottom:10px;\n}\nbody .av-special-heading.av-lalgpvwi-66792a51ce373e2b0566bf02dedd4ac7 .av-special-heading-tag .heading-char{\nfont-size:25px;\n}\n.av-special-heading.av-lalgpvwi-66792a51ce373e2b0566bf02dedd4ac7 .av-subheading{\nfont-size:15px;\n}\n<\/style>\n<div  class='av-special-heading av-lalgpvwi-66792a51ce373e2b0566bf02dedd4ac7 av-special-heading-h3 blockquote modern-quote modern-centered  avia-builder-el-10  el_before_av_hr  avia-builder-el-first '><h3 class='av-special-heading-tag '  itemprop=\"headline\"  >Phiva<\/h3><div class=\"special-heading-border\"><div class=\"special-heading-inner-border\"><\/div><\/div><\/div><br \/>\n\n<style type=\"text\/css\" data-created_by=\"avia_inline_auto\" id=\"style-css-av-lasa80mg-4679d940f944a88dc281b6b1deebd1cc\">\n#top .hr.hr-invisible.av-lasa80mg-4679d940f944a88dc281b6b1deebd1cc{\nheight:30px;\n}\n<\/style>\n<div  class='hr av-lasa80mg-4679d940f944a88dc281b6b1deebd1cc hr-invisible  avia-builder-el-11  el_after_av_heading  el_before_av_image '><span class='hr-inner '><span class=\"hr-inner-style\"><\/span><\/span><\/div><br \/>\n\n<style type=\"text\/css\" data-created_by=\"avia_inline_auto\" id=\"style-css-av-lalght0j-37d9db9e5ebf2e16723c675956a256cb\">\n.avia-image-container.av-lalght0j-37d9db9e5ebf2e16723c675956a256cb img.avia_image{\nbox-shadow:none;\n}\n.avia-image-container.av-lalght0j-37d9db9e5ebf2e16723c675956a256cb .av-image-caption-overlay-center{\ncolor:#ffffff;\n}\n<\/style>\n<div  class='avia-image-container av-lalght0j-37d9db9e5ebf2e16723c675956a256cb av-styling-circle av-img-linked avia-align-center  avia-builder-el-12  el_after_av_hr  el_before_av_hr  av-has-copyright av-copyright-always'   itemprop=\"image\" itemscope=\"itemscope\" itemtype=\"https:\/\/schema.org\/ImageObject\" ><div class=\"avia-image-container-inner\"><div class=\"avia-image-overlay-wrap\"><a href=\"https:\/\/phiva.es\/de\/about\/\" class='avia_image '  aria-label='Climate-KIC Bootcamp'><img decoding=\"async\" loading=\"lazy\" class='wp-image-255 avia-img-lazy-loading-255 avia_image ' src=\"https:\/\/phiva.es\/wp-content\/uploads\/2022\/11\/180412_TKIC_PHT53-1-297x300.jpg\" alt='' title='Climate-KIC Bootcamp'  height=\"300\" width=\"297\"  itemprop=\"thumbnailUrl\" srcset=\"https:\/\/phiva.es\/wp-content\/uploads\/2022\/11\/180412_TKIC_PHT53-1-297x300.jpg 297w, https:\/\/phiva.es\/wp-content\/uploads\/2022\/11\/180412_TKIC_PHT53-1-1020x1030.jpg 1020w, https:\/\/phiva.es\/wp-content\/uploads\/2022\/11\/180412_TKIC_PHT53-1-80x80.jpg 80w, https:\/\/phiva.es\/wp-content\/uploads\/2022\/11\/180412_TKIC_PHT53-1-768x775.jpg 768w, https:\/\/phiva.es\/wp-content\/uploads\/2022\/11\/180412_TKIC_PHT53-1-1521x1536.jpg 1521w, https:\/\/phiva.es\/wp-content\/uploads\/2022\/11\/180412_TKIC_PHT53-1-2029x2048.jpg 2029w, https:\/\/phiva.es\/wp-content\/uploads\/2022\/11\/180412_TKIC_PHT53-1-36x36.jpg 36w, https:\/\/phiva.es\/wp-content\/uploads\/2022\/11\/180412_TKIC_PHT53-1-1486x1500.jpg 1486w, https:\/\/phiva.es\/wp-content\/uploads\/2022\/11\/180412_TKIC_PHT53-1-698x705.jpg 698w\" sizes=\"auto, (max-width: 297px) 100vw, 297px\" \/><\/a><\/div><small class=\"avia-copyright\">Copyright: Thomas Trutschel\/ photothek.de <\/small><\/div><\/div><br \/>\n\n<style type=\"text\/css\" data-created_by=\"avia_inline_auto\" id=\"style-css-av-lasa8a4j-218a7a01575a0c7d656920ee4d681450\">\n#top .hr.hr-invisible.av-lasa8a4j-218a7a01575a0c7d656920ee4d681450{\nheight:30px;\n}\n<\/style>\n<div  class='hr av-lasa8a4j-218a7a01575a0c7d656920ee4d681450 hr-invisible  avia-builder-el-13  el_after_av_image  el_before_av_textblock '><span class='hr-inner '><span class=\"hr-inner-style\"><\/span><\/span><\/div><br \/>\n<section  class='av_textblock_section av-lalgq3pr-209a4ef557b461fdd154689d79f3b559 '   itemscope=\"itemscope\" itemtype=\"https:\/\/schema.org\/CreativeWork\" ><div class='avia_textblock'  itemprop=\"text\" ><p>Unser Ziel ist es, Unternehmen zu helfen, ihr volles Potential zu entfalten. Manuelle Aufgaben automatisieren, Fremdsysteme anbinden und miteinander verbinden, Daten kombinieren und visualisieren &#8211; in kurz: Probleme l\u00f6sen. Ich gehe dabei pragmatisch vor; lieber einen komplexen Prozess vereinfachen und eine simplere Applikation bauen.<\/p>\n<\/div><\/section><\/p><\/div><div  class='flex_column av-b9tq9-181b7b66eca62dd637b9561e7e0c611a av_three_fourth  avia-builder-el-15  el_after_av_one_fourth  avia-builder-el-last  flex_column_div  '     ><p>\n<style type=\"text\/css\" data-created_by=\"avia_inline_auto\" id=\"style-css-av-1hg2d5-7d09212bd642387877a6a2731fedd5ed\">\n#top .av-special-heading.av-1hg2d5-7d09212bd642387877a6a2731fedd5ed{\npadding-bottom:20px;\n}\nbody .av-special-heading.av-1hg2d5-7d09212bd642387877a6a2731fedd5ed .av-special-heading-tag .heading-char{\nfont-size:25px;\n}\n.av-special-heading.av-1hg2d5-7d09212bd642387877a6a2731fedd5ed .av-subheading{\nfont-size:15px;\n}\n<\/style>\n<div  class='av-special-heading av-1hg2d5-7d09212bd642387877a6a2731fedd5ed av-special-heading-h2 blockquote modern-quote modern-centered  avia-builder-el-16  el_before_av_icon_box  avia-builder-el-first '><h2 class='av-special-heading-tag '  itemprop=\"headline\"  >Leistungen<\/h2><div class=\"special-heading-border\"><div class=\"special-heading-inner-border\"><\/div><\/div><\/div><br \/>\n<article  class='iconbox iconbox_left av-las6ftqp-5bb957107c209009dc3fca6ac1a86044  avia-builder-el-17  el_after_av_heading  el_before_av_icon_box '  itemscope=\"itemscope\" itemtype=\"https:\/\/schema.org\/CreativeWork\" ><div class=\"iconbox_content\"><header class=\"entry-content-header\" aria-label=\"Icon: Webbasiertes Anwendungsdesign\"><div class='iconbox_icon heading-color avia-iconfont avia-font-entypo-fontello' data-av_icon='\ue841' data-av_iconfont='entypo-fontello'  ><\/div><h3 class='iconbox_content_title '  itemprop=\"headline\" >Webbasiertes Anwendungsdesign<\/h3><\/header><div class='iconbox_content_container '  itemprop=\"text\" ><p>Wir arbeiten mit Ihnen zusammen, um eine ma\u00dfgeschneiderte Anwendung zu entwerfen, die Ihr spezielles Problem effektiv l\u00f6st. Sie erhalten eine Reihe von Implementierungsvorschl\u00e4gen, die alle auf Ihre speziellen Bed\u00fcrfnisse zugeschnitten sind.<\/p>\n<\/div><\/div><footer class=\"entry-footer\"><\/footer><\/article><br \/>\n<article  class='iconbox iconbox_left av-las8z3nx-8bb59eb740c1c273abe7566ffccd0766  avia-builder-el-18  el_after_av_icon_box  el_before_av_icon_box '  itemscope=\"itemscope\" itemtype=\"https:\/\/schema.org\/CreativeWork\" ><div class=\"iconbox_content\"><header class=\"entry-content-header\" aria-label=\"Icon: Software-Architekturplanung\"><div class='iconbox_icon heading-color avia-iconfont avia-font-entypo-fontello' data-av_icon='\ue8d3' data-av_iconfont='entypo-fontello'  ><\/div><h3 class='iconbox_content_title '  itemprop=\"headline\" >Software-Architekturplanung<\/h3><\/header><div class='iconbox_content_container '  itemprop=\"text\" ><p>Unsicher \u00fcber Ihre Softwarearchitektur? Vielleicht hat Ihre IT-Abteilung wenig Erfahrung mit APIs, Webanwendungen und \u00e4hnlichen Technologien? Lassen Sie uns Klarheit in Ihre Situation bringen.<\/p>\n<\/div><\/div><footer class=\"entry-footer\"><\/footer><\/article><br \/>\n<article  class='iconbox iconbox_left av-las90lt7-bf823dae9e845073a5e0cbefac75eb8a  avia-builder-el-19  el_after_av_icon_box  el_before_av_icon_box '  itemscope=\"itemscope\" itemtype=\"https:\/\/schema.org\/CreativeWork\" ><div class=\"iconbox_content\"><header class=\"entry-content-header\" aria-label=\"Icon: Security Best-Practices\"><div class='iconbox_icon heading-color avia-iconfont avia-font-entypo-fontello' data-av_icon='\ue824' data-av_iconfont='entypo-fontello'  ><\/div><h3 class='iconbox_content_title '  itemprop=\"headline\" >Security Best-Practices<\/h3><\/header><div class='iconbox_content_container '  itemprop=\"text\" ><p>Wir sind verpflichtet, die Sicherheit Ihrer Webanwendung zu gew\u00e4hrleisten. Unsere Dienstleistungen umfassen die Einrichtung einer Webanwendungsfirewall (WAF), Ratenbegrenzung, Bot-Blocking, CSP, zus\u00e4tzlichen Schutz f\u00fcr Admin-Schnittstellen &amp; APIs, Implementierung von Mehrfaktorauthentifizierung, Aktualisierung verwendeter Software\/Pakete und mehr.<\/p>\n<\/div><\/div><footer class=\"entry-footer\"><\/footer><\/article><br \/>\n<article  class='iconbox iconbox_left av-las9u6jy-62b4fe556e5479cf9a2f4c38908b75b8  avia-builder-el-20  el_after_av_icon_box  el_before_av_icon_box '  itemscope=\"itemscope\" itemtype=\"https:\/\/schema.org\/CreativeWork\" ><div class=\"iconbox_content\"><header class=\"entry-content-header\" aria-label=\"Icon: Performanceoptimierung\"><div class='iconbox_icon heading-color avia-iconfont avia-font-entypo-fontello' data-av_icon='\ue824' data-av_iconfont='entypo-fontello'  ><\/div><h3 class='iconbox_content_title '  itemprop=\"headline\" >Performanceoptimierung<\/h3><\/header><div class='iconbox_content_container '  itemprop=\"text\" ><p>Wir steigern die Leistung Ihres Systems durch Optimierung von Backend- und Frontend-Operationen. Unser Ansatz umfasst die Verbesserung von Datenbankabfragen, der Datenbank, des Webservers, des Cachings, von Content Delivery Networks und die Optimierung von JavaScript, Bildern usw.<\/p>\n<\/div><\/div><footer class=\"entry-footer\"><\/footer><\/article><br \/>\n<article  class='iconbox iconbox_left av-las92be4-7ed5064b95b03cc7c5f74adc7b8e34ea  avia-builder-el-21  el_after_av_icon_box  el_before_av_icon_box '  itemscope=\"itemscope\" itemtype=\"https:\/\/schema.org\/CreativeWork\" ><div class=\"iconbox_content\"><header class=\"entry-content-header\" aria-label=\"Icon: Full-Stack Entwicklung &amp; DevOps\"><div class='iconbox_icon heading-color avia-iconfont avia-font-entypo-fontello' data-av_icon='\ue83a' data-av_iconfont='entypo-fontello'  ><\/div><h3 class='iconbox_content_title '  itemprop=\"headline\" >Full-Stack Entwicklung & DevOps<\/h3><\/header><div class='iconbox_content_container '  itemprop=\"text\" ><p>Wir sind nicht nur Planer &#8211; wir sind auch Entwickler und Hosts. Ob auf Microsoft Azure, Hetzner oder einem Host Ihrer Wahl, wir k\u00f6nnen Ihre Bed\u00fcrfnisse erf\u00fcllen. Von Containern \u00fcber Auto-Scaling bis hin zum traditionellen vServer passen wir unseren Ansatz an die Besonderheiten des Projekts an.<\/p>\n<\/div><\/div><footer class=\"entry-footer\"><\/footer><\/article><br \/>\n<article  class='iconbox iconbox_left av-las9434f-d1af3de245e06810c1b8f6a08f70f458  avia-builder-el-22  el_after_av_icon_box  avia-builder-el-last '  itemscope=\"itemscope\" itemtype=\"https:\/\/schema.org\/CreativeWork\" ><div class=\"iconbox_content\"><header class=\"entry-content-header\" aria-label=\"Icon: WebApp-Wartung &amp; Upgrade\/General\u00fcberholung von Legacy-Applikationen\"><div class='iconbox_icon heading-color avia-iconfont avia-font-entypo-fontello' data-av_icon='\ue856' data-av_iconfont='entypo-fontello'  ><\/div><h3 class='iconbox_content_title '  itemprop=\"headline\" >WebApp-Wartung & Upgrade\/General\u00fcberholung von Legacy-Applikationen<\/h3><\/header><div class='iconbox_content_container '  itemprop=\"text\" ><p>Wir halten unsere Anwendungen und all ihre Abh\u00e4ngigkeiten auf dem neuesten Stand. Durch die \u00dcberwachung von Sicherheitsupdates stellen wir sicher, dass notwendige Updates zeitnah angewendet werden, um Ihre Anwendung sicher und effizient zu halten.<\/p>\n<\/div><\/div><footer class=\"entry-footer\"><\/footer><\/article><\/p><\/div>\n","protected":false},"excerpt":{"rendered":"","protected":false},"author":1,"featured_media":0,"parent":0,"menu_order":0,"comment_status":"open","ping_status":"closed","template":"","meta":{"footnotes":""},"class_list":["post-209","page","type-page","status-publish","hentry"],"_links":{"self":[{"href":"https:\/\/phiva.es\/de\/wp-json\/wp\/v2\/pages\/209","targetHints":{"allow":["GET"]}}],"collection":[{"href":"https:\/\/phiva.es\/de\/wp-json\/wp\/v2\/pages"}],"about":[{"href":"https:\/\/phiva.es\/de\/wp-json\/wp\/v2\/types\/page"}],"author":[{"embeddable":true,"href":"https:\/\/phiva.es\/de\/wp-json\/wp\/v2\/users\/1"}],"replies":[{"embeddable":true,"href":"https:\/\/phiva.es\/de\/wp-json\/wp\/v2\/comments?post=209"}],"version-history":[{"count":11,"href":"https:\/\/phiva.es\/de\/wp-json\/wp\/v2\/pages\/209\/revisions"}],"predecessor-version":[{"id":956,"href":"https:\/\/phiva.es\/de\/wp-json\/wp\/v2\/pages\/209\/revisions\/956"}],"wp:attachment":[{"href":"https:\/\/phiva.es\/de\/wp-json\/wp\/v2\/media?parent=209"}],"curies":[{"name":"wp","href":"https:\/\/api.w.org\/{rel}","templated":true}]}}