{"id":154,"date":"2015-07-16T09:12:44","date_gmt":"2015-07-16T07:12:44","guid":{"rendered":"http:\/\/test.kriesi.at\/minimal-portfolio\/?page_id=154"},"modified":"2023-06-05T11:58:33","modified_gmt":"2023-06-05T09:58:33","slug":"about","status":"publish","type":"page","link":"https:\/\/phiva.es\/de\/about\/","title":{"rendered":"\u00dcber uns"},"content":{"rendered":"<div id='av-layout-grid-1'  class='av-layout-grid-container av-9pioi-ea273d20df58a59ecaa9cb29883f2c4c entry-content-wrapper main_color av-flex-cells  avia-builder-el-0  el_before_av_layout_row  avia-builder-el-first   container_wrap fullsize'  >\n\n<style type=\"text\/css\" data-created_by=\"avia_inline_auto\" id=\"style-css-av-2lzt8y-453d4d4b4997014f2ea1b41e597b05c3\">\n.flex_cell.av-2lzt8y-453d4d4b4997014f2ea1b41e597b05c3{\nvertical-align:top;\nheight:430px;\nmin-height:430px;\nbackground:url(https:\/\/phiva.es\/wp-content\/uploads\/2022\/11\/DALL\u00b7E-2022-11-12-00.05.22-A-surreal-painting-of-a-muliple-people-working-their-non-mac-laptop-in-a-coworking-space-with-a-glass-of-wine-and-a-transperent-cup-of-espresso-on-th-300x300.png) 50% 0% no-repeat scroll ;\n}\n.responsive #top #wrap_all .flex_cell.av-2lzt8y-453d4d4b4997014f2ea1b41e597b05c3{\npadding:30px 30px 30px 30px !important;\n}\n<\/style>\n<div class='flex_cell av-2lzt8y-453d4d4b4997014f2ea1b41e597b05c3 av-gridrow-cell av_one_half no_margin  avia-builder-el-1  el_before_av_cell_one_half  avia-builder-el-first  content-align-top avia-full-stretch'  ><div class='flex_cell_inner'><\/div><\/div>\n<style type=\"text\/css\" data-created_by=\"avia_inline_auto\" id=\"style-css-av-2g9vo2-3fb9aef86ad1333cf3cd5d9ccb3439b2\">\n.flex_cell.av-2g9vo2-3fb9aef86ad1333cf3cd5d9ccb3439b2{\nvertical-align:middle;\nheight:430px;\nmin-height:430px;\nbackground-color:#f7f7f7;\n}\n.responsive #top #wrap_all .flex_cell.av-2g9vo2-3fb9aef86ad1333cf3cd5d9ccb3439b2{\npadding:30px 100px 30px 100px !important;\n}\n<\/style>\n<div class='flex_cell av-2g9vo2-3fb9aef86ad1333cf3cd5d9ccb3439b2 av-gridrow-cell av_one_half no_margin  avia-builder-el-2  el_after_av_cell_one_half  avia-builder-el-last  content-align-middle'  ><div class='flex_cell_inner'>\n<style type=\"text\/css\" data-created_by=\"avia_inline_auto\" id=\"style-css-av-2ados2-2ea43bb18b502bee2631b0234058889e\">\n.flex_column.av-2ados2-2ea43bb18b502bee2631b0234058889e{\nborder-radius:0px 0px 0px 0px;\npadding:0px 0px 0px 0px;\n}\n<\/style>\n<div  class='flex_column av-2ados2-2ea43bb18b502bee2631b0234058889e av_one_full  avia-builder-el-3  avia-builder-el-no-sibling  first flex_column_div av-animated-generic bottom-to-top av-zero-column-padding  '     ><p>\n<style type=\"text\/css\" data-created_by=\"avia_inline_auto\" id=\"style-css-av-23pebe-fdd711a1e626b18765ae06ba2d629fec\">\n#top .av-special-heading.av-23pebe-fdd711a1e626b18765ae06ba2d629fec{\npadding-bottom:10px;\n}\nbody .av-special-heading.av-23pebe-fdd711a1e626b18765ae06ba2d629fec .av-special-heading-tag .heading-char{\nfont-size:25px;\n}\n.av-special-heading.av-23pebe-fdd711a1e626b18765ae06ba2d629fec .av-subheading{\nfont-size:15px;\n}\n<\/style>\n<div  class='av-special-heading av-23pebe-fdd711a1e626b18765ae06ba2d629fec av-special-heading-h3 blockquote modern-quote  avia-builder-el-4  el_before_av_textblock  avia-builder-el-first '><h3 class='av-special-heading-tag '  itemprop=\"headline\"  >Hola <span class='special_amp'>&amp;<\/span> Servus<\/h3><div class=\"special-heading-border\"><div class=\"special-heading-inner-border\"><\/div><\/div><\/div><br \/>\n<section  class='av_textblock_section av-1v1ls2-51b596a86ec379834fc7053c2351d592 '   itemscope=\"itemscope\" itemtype=\"https:\/\/schema.org\/CreativeWork\" ><div class='avia_textblock'  itemprop=\"text\" ><p><span style=\"font-weight: 400;\">Willkommen bei Phiva, einem dynamischen Technologieunternehmen mit Wurzeln sowohl in Malaga als auch in Wien. Auf einem Jahrzehnt Erfahrung und Innovation aufgebaut, sind wir spezialisiert auf die Entwicklung von ma\u00dfgeschneiderten Anwendungen, die den einzigartigen Bed\u00fcrfnissen unserer Kunden in verschiedenen Branchen gerecht werden.<\/span><\/p>\n<p><span style=\"font-weight: 400;\">Unsere Expertise liegt in der Entwicklung von Webanwendungen, die komplexe Probleme l\u00f6sen und die Effizienz steigern. Wir haben L\u00f6sungen entwickelt, die es Benutzern erm\u00f6glichen, ihre Energieverbrauchsdaten zu \u00fcberwachen und zu verwalten, Echtzeitinformationen \u00fcber APIs bereitzustellen und Einzelhandelsprozesse zu optimieren.<\/span><\/p>\n<p><span style=\"font-weight: 400;\">Phiva ist verpflichtet, hochwertige, innovative L\u00f6sungen zu liefern. Mit robusten Kundenbeziehungen, die durch pers\u00f6nliche und virtuelle Kommunikation aufrechterhalten werden, sorgen wir f\u00fcr Zug\u00e4nglichkeit und Reaktionsf\u00e4higkeit. Unterst\u00fctzt durch ein Verm\u00e4chtnis der Exzellenz in der Webentwicklung freuen wir uns darauf, Ihnen mit unseren ma\u00dfgeschneiderten, wirkungsvollen L\u00f6sungen zu dienen.<\/span><\/p>\n<p><span style=\"font-weight: 400;\">Wir freuen uns darauf, Sie mit unserer neuen Marke zu bedienen, die durch das Verm\u00e4chtnis von einem Jahrzehnt Exzellenz in der Webentwicklung gest\u00fctzt wird.<\/span><\/p>\n<\/div><\/section><\/p><\/div>\n<\/div><\/div><\/div><div id='av-layout-grid-2'  class='av-layout-grid-container av-11die2-6f55d8cfb32d04f1edbbab1c5a96f254 entry-content-wrapper main_color av-border-top-bottom av-flex-cells  avia-builder-el-6  el_after_av_layout_row  el_before_av_section  grid-row-not-first  container_wrap fullsize'  >\n<div class='flex_cell av-x0q3m-075a7bfe91a359c325476da7ceaeb804 av-gridrow-cell av_one_fifth no_margin  avia-builder-el-7  el_before_av_cell_one_fifth  avia-builder-el-first '  ><div class='flex_cell_inner'><div  class=\"avia-animated-number av-lar22cv8-aa3766be781b07f921b7c928a0b1268c av-force-default-color avia_animate_when_visible  avia-builder-el-8  avia-builder-el-no-sibling  \" data-timer=\"3000\"><strong class=\"heading avia-animated-number-title\"><span class=\"avia-single-number __av-single-number\" data-number_format=\"\" data-number=\"11\" data-start_from=\"0\">11<\/span><\/strong><div class=\"avia-animated-number-content\"><p>Jahre im Business<\/p>\n<\/div><\/div>\n<\/div><\/div><div class='flex_cell av-tat42-301ca7e9aaf268e79ed7418a539ed29f av-gridrow-cell av_one_fifth no_margin  avia-builder-el-9  el_after_av_cell_one_fifth  el_before_av_cell_one_fifth '  ><div class='flex_cell_inner'><div  class=\"avia-animated-number av-lar207gy-d49318a04e959a1e6fd4fb94e3e10c24 av-force-default-color avia_animate_when_visible  avia-builder-el-10  avia-builder-el-no-sibling  \" data-timer=\"3000\"><strong class=\"heading avia-animated-number-title\"><span class=\"avia-single-number __av-single-number\" data-number_format=\"\" data-number=\"98\" data-start_from=\"0\">98<\/span><\/strong><div class=\"avia-animated-number-content\"><p>Kunden<\/p>\n<\/div><\/div>\n<\/div><\/div>\n<style type=\"text\/css\" data-created_by=\"avia_inline_auto\" id=\"style-css-av-jxc6y-cce3ca4d78c3c459a916c5a81797fd25\">\n.flex_cell.av-jxc6y-cce3ca4d78c3c459a916c5a81797fd25{\nvertical-align:top;\n}\n<\/style>\n<div class='flex_cell av-jxc6y-cce3ca4d78c3c459a916c5a81797fd25 av-gridrow-cell av_one_fifth no_margin  avia-builder-el-11  el_after_av_cell_one_fifth  el_before_av_cell_one_fifth  content-align-top'  ><div class='flex_cell_inner'><div  class=\"avia-animated-number av-lar21rjd-9da5636f78fbcd8312e4353b33e54683 av-force-default-color avia_animate_when_visible  avia-builder-el-12  avia-builder-el-no-sibling  \" data-timer=\"3000\"><strong class=\"heading avia-animated-number-title\"><span class=\"avia-single-number __av-single-number\" data-number_format=\"\" data-number=\"144\" data-start_from=\"0\">144<\/span><\/strong><div class=\"avia-animated-number-content\"><p>Abgeschlossene Projekte<\/p>\n<\/div><\/div>\n<\/div><\/div>\n<style type=\"text\/css\" data-created_by=\"avia_inline_auto\" id=\"style-css-av-d1lze-33dd6dd72399a21b7c60a4fb490271a9\">\n.flex_cell.av-d1lze-33dd6dd72399a21b7c60a4fb490271a9{\nvertical-align:top;\n}\n<\/style>\n<div class='flex_cell av-d1lze-33dd6dd72399a21b7c60a4fb490271a9 av-gridrow-cell av_one_fifth no_margin  avia-builder-el-13  el_after_av_cell_one_fifth  el_before_av_cell_one_fifth  content-align-top'  ><div class='flex_cell_inner'><div  class=\"avia-animated-number av-lar26o2u-4705e628a4e6a9008d997ef98a501751 av-force-default-color avia_animate_when_visible  avia-builder-el-14  avia-builder-el-no-sibling  \" data-timer=\"3000\"><strong class=\"heading avia-animated-number-title\"><span class=\"avia-no-number\">~<\/span><span class=\"avia-single-number __av-single-number\" data-number_format=\"\" data-number=\"10\" data-start_from=\"0\">10<\/span><\/strong><div class=\"avia-animated-number-content\"><p>Laufende Projekte<\/p>\n<\/div><\/div>\n<\/div><\/div>\n<style type=\"text\/css\" data-created_by=\"avia_inline_auto\" id=\"style-css-av-6v71e-4bf5d3d4ea282d00a70f2dc1c258d6df\">\n.flex_cell.av-6v71e-4bf5d3d4ea282d00a70f2dc1c258d6df{\nvertical-align:top;\n}\n<\/style>\n<div class='flex_cell av-6v71e-4bf5d3d4ea282d00a70f2dc1c258d6df av-gridrow-cell av_one_fifth no_margin  avia-builder-el-15  el_after_av_cell_one_fifth  avia-builder-el-last  content-align-top'  ><div class='flex_cell_inner'><div  class=\"avia-animated-number av-lar24t07-7a4cc0d45ac2a42e96a318dac37c7cad av-force-default-color avia_animate_when_visible  avia-builder-el-16  avia-builder-el-no-sibling  \" data-timer=\"3000\"><strong class=\"heading avia-animated-number-title\"><span class=\"avia-no-number\">~<\/span><span class=\"avia-single-number __av-single-number\" data-number_format=\"\" data-number=\"8000\" data-start_from=\"0\">8000<\/span><\/strong><div class=\"avia-animated-number-content\"><p>Konsumierte Espressos<\/p>\n<\/div><\/div>\n<\/div><\/div>\n<\/div><\/p>\n<div id='av_section_1'  class='avia-section av-1octki-ab9574b75f5c765a7ac04d07df78ce31 main_color avia-section-large avia-no-border-styling  avia-builder-el-17  el_after_av_layout_row  avia-builder-el-last  avia-bg-style-scroll container_wrap fullsize'  ><div class='container av-section-cont-open' ><div class='template-page content  av-content-full alpha units'><div class='post-entry post-entry-type-page post-entry-154'><div class='entry-content-wrapper clearfix'>\n\n<style type=\"text\/css\" data-created_by=\"avia_inline_auto\" id=\"style-css-av-avgfw-5bd4ccbe4f7a89d955692d28619b4f99\">\n.flex_column.av-avgfw-5bd4ccbe4f7a89d955692d28619b4f99{\nborder-radius:0px 0px 0px 0px;\npadding:0px 0px 0px 0px;\n}\n<\/style>\n<div  class='flex_column av-avgfw-5bd4ccbe4f7a89d955692d28619b4f99 av_one_full  avia-builder-el-18  el_before_av_one_half  avia-builder-el-first  first flex_column_div av-animated-generic bottom-to-top av-zero-column-padding  '     ><style type=\"text\/css\" data-created_by=\"avia_inline_auto\" id=\"style-css-av-lhymsnwp-45bcb6398519aab6726b9359f1a06bfa\">\n#top .av-special-heading.av-lhymsnwp-45bcb6398519aab6726b9359f1a06bfa{\npadding-bottom:10px;\n}\nbody .av-special-heading.av-lhymsnwp-45bcb6398519aab6726b9359f1a06bfa .av-special-heading-tag .heading-char{\nfont-size:25px;\n}\n.av-special-heading.av-lhymsnwp-45bcb6398519aab6726b9359f1a06bfa .av-subheading{\nfont-size:15px;\n}\n<\/style>\n<div  class='av-special-heading av-lhymsnwp-45bcb6398519aab6726b9359f1a06bfa av-special-heading-h3 blockquote modern-quote  avia-builder-el-19  avia-builder-el-no-sibling '><h3 class='av-special-heading-tag '  itemprop=\"headline\"  >Treffen Sie unser Team<\/h3><div class=\"special-heading-border\"><div class=\"special-heading-inner-border\"><\/div><\/div><\/div><\/div><div class='flex_column_table av-1k2l3m-367ec7d649a174a7d706e35a24b245e0 sc-av_one_half av-equal-height-column-flextable'>\n<style type=\"text\/css\" data-created_by=\"avia_inline_auto\" id=\"style-css-av-1k2l3m-367ec7d649a174a7d706e35a24b245e0\">\n.flex_column.av-1k2l3m-367ec7d649a174a7d706e35a24b245e0{\nborder-radius:0px 0px 0px 0px;\npadding:0px 0px 0px 0px;\n}\n<\/style>\n<div  class='flex_column av-1k2l3m-367ec7d649a174a7d706e35a24b245e0 av_one_half  avia-builder-el-20  el_after_av_one_full  el_before_av_one_half  first flex_column_table_cell av-equal-height-column av-align-top av-animated-generic bottom-to-top av-zero-column-padding  column-top-margin'     ><section  class='av_textblock_section av-lhymm6jn-56b93ed6db0fda971cc8e5054b64bd97 '   itemscope=\"itemscope\" itemtype=\"https:\/\/schema.org\/CreativeWork\" ><div class='avia_textblock'  itemprop=\"text\" ><h5>Leitender Entwickler<br \/>\nPhillip Fickl<\/h5>\n<p><span style=\"font-weight: 400;\">Meine Reise in der Webentwicklung begann 2011, als ich mit 18 Jahren Webcrab in Wien gr\u00fcndete. Zun\u00e4chst konzentrierte ich mich auf die Entwicklung kleiner Websites, haupts\u00e4chlich basierend auf Content-Management-Systemen wie Joomla und WordPress. Wendepunkt kam jedoch 2014, als wir in Zusammenarbeit mit Peter Ostermann und seiner Firma BTM die <a href=\"https:\/\/phiva.es\/de\/portfolio-item\/ista-verbrauchsdatenmonitoring\/\">ista-VDM<\/a> ista-VDM-Web-App entwickelten. Diese Erfahrung l\u00f6ste einen \u00dcbergang in meinem Fokus aus, von CMS zu individuell ma\u00dfgeschneiderten Anwendungen.<\/span><\/p>\n<p><span style=\"font-weight: 400;\">2017 gr\u00fcndete ich zusammen mit Moritz Hintze <a href=\"https:\/\/bookitgreen.com\/de\/\">bookitgreen<\/a>, eine Buchungsplattform f\u00fcr nachhaltige Urlaubsunterk\u00fcnfte, w\u00e4hrend ich in Berlin lebte. <a href=\"https:\/\/www.trendingtopics.eu\/zebras-unicorns-bookitgreen-nachhaltigkeit-geht-auch-im-urlaub\/\">Dieses<\/a> <a href=\"https:\/\/www.starting-up.de\/news\/gruender-der-woche\/bookitgreen.html\">Unternehmen<\/a> <a href=\"https:\/\/cradle-mag.de\/artikel\/nachhaltige-hotels.html\">erhielt<\/a> <a href=\"https:\/\/www.careelite.de\/bookitgreen-nachhaltige-unterkuenfte-buchen\/\">wirklich<\/a> <a href=\"https:\/\/utopia.de\/ratgeber\/good-travel-treeday-ecobnb-bookitgreen\/\">erhebliche<\/a> <a href=\"https:\/\/www.homeandsmart.de\/umweltfreundliche-reisen-buchen\">Medienaufmerksamkeit.<\/a><\/span>. Derzeit ist die Website noch online, wird aber wahrscheinlich dauerhaft schlie\u00dfen und in Zukunft von <a href=\"https:\/\/ecobnb.com\/\">EcoBnB<\/a> fortgef\u00fchrt.<\/p>\n<p><span style=\"font-weight: 400;\">Nach meiner R\u00fcckkehr nach Wien Ende 2018 erkannte ich die Notwendigkeit einer grundlegenden Ver\u00e4nderung in der Betriebsweise von Webcrab. Dies f\u00fchrte zu einer erheblichen Reduzierung der Anzahl von Projekten, mit einem erneuten Fokus auf Qualit\u00e4t vor Quantit\u00e4t. Dies war das Ende von CMS-Projekten und der Beginn einer \u00c4ra von ma\u00dfgeschneiderten, hausinternen Entwicklungen.<\/span><span style=\"font-weight: 400;\"><br \/>\n<\/span><span style=\"font-weight: 400;\"><br \/>\n<\/span><span style=\"font-weight: 400;\">Nun freue ich mich, Phiva vorzustellen, ein neues Unternehmen, das die Lektionen, die ich gelernt habe, die gewonnene Expertise und das Engagement f\u00fcr Qualit\u00e4t, das Webcrab definierte, verk\u00f6rpert. Mit Phiva setze ich meine Reise fort, gewidmet der Erstellung von hochwertigen, ma\u00dfgeschneiderten Anwendungen, die den einzigartigen Bed\u00fcrfnissen unserer Kunden gerecht werden.<\/span><\/p>\n<p><span style=\"font-weight: 400;\">Mein vollst\u00e4ndiger Lebenslauf ist auf<\/span> <a href=\"https:\/\/www.linkedin.com\/in\/phillipfickl\/\"><span style=\"font-weight: 400;\">LinkedIn<\/span><\/a> zu finden<span style=\"font-weight: 400;\">.<\/span><\/p>\n<\/div><\/section><\/div><div class='av-flex-placeholder'><\/div>\n<style type=\"text\/css\" data-created_by=\"avia_inline_auto\" id=\"style-css-av-12xdyq-c244f6f5bd25b110e0877137bd555d74\">\n@keyframes av_boxShadowEffect_av-12xdyq-c244f6f5bd25b110e0877137bd555d74-column {\n0%   { box-shadow:  0 0 0 0 ; opacity: 1; }\n100% { box-shadow:  0 0 30px 0 ; opacity: 1; }\n}\n.flex_column.av-12xdyq-c244f6f5bd25b110e0877137bd555d74{\nborder-radius:0px 0px 0px 0px;\npadding:0 0 0 0;\n}\n<\/style>\n<div  class='flex_column av-12xdyq-c244f6f5bd25b110e0877137bd555d74 av_one_half  avia-builder-el-22  el_after_av_one_half  avia-builder-el-last  flex_column_table_cell av-equal-height-column av-align-top av-animated-generic bottom-to-top av-zero-column-padding  column-top-margin'     ><p>\n<style type=\"text\/css\" data-created_by=\"avia_inline_auto\" id=\"style-css-av-lar2nl7k-e764ff725b26ddd00417f8c0ed1f6242\">\n.avia-image-container.av-lar2nl7k-e764ff725b26ddd00417f8c0ed1f6242 img.avia_image{\nbox-shadow:none;\n}\n.avia-image-container.av-lar2nl7k-e764ff725b26ddd00417f8c0ed1f6242 .av-image-caption-overlay-center{\ncolor:#ffffff;\n}\n<\/style>\n<div  class='avia-image-container av-lar2nl7k-e764ff725b26ddd00417f8c0ed1f6242 av-styling- avia-align-center  avia-builder-el-23  el_before_av_textblock  avia-builder-el-first '   itemprop=\"image\" itemscope=\"itemscope\" itemtype=\"https:\/\/schema.org\/ImageObject\" ><div class=\"avia-image-container-inner\"><div class=\"avia-image-overlay-wrap\"><img decoding=\"async\" fetchpriority=\"high\" class='wp-image-370 avia-img-lazy-loading-not-370 avia_image ' src=\"https:\/\/phiva.es\/wp-content\/uploads\/2022\/11\/MTF-November-2022-TLR-Coworking-Malaga-\u00a9-Agnes-Des-Bois-Photography-low-40-845x684.jpg\" alt='Phillip Fickl introducing himself at The Living Room' title='Welcome at TLR'  height=\"684\" width=\"845\"  itemprop=\"thumbnailUrl\" srcset=\"https:\/\/phiva.es\/wp-content\/uploads\/2022\/11\/MTF-November-2022-TLR-Coworking-Malaga-\u00a9-Agnes-Des-Bois-Photography-low-40-845x684.jpg 845w, https:\/\/phiva.es\/wp-content\/uploads\/2022\/11\/MTF-November-2022-TLR-Coworking-Malaga-\u00a9-Agnes-Des-Bois-Photography-low-40-495x400.jpg 495w\" sizes=\"(max-width: 845px) 100vw, 845px\" \/><\/div><\/div><\/div><br \/>\n<section  class='av_textblock_section av-laqzj4as-59eaca391c0a7fcfedbef0ef06ef8e23 '   itemscope=\"itemscope\" itemtype=\"https:\/\/schema.org\/CreativeWork\" ><div class='avia_textblock'  itemprop=\"text\" ><p>\u2190 Foto Copyright: <a href=\"https:\/\/agnesdesbois.com\/\">Agn\u00e9s Des Bois<\/a><\/p>\n<\/div><\/section><\/p><\/div><\/div><!--close column table wrapper. Autoclose: 1 -->\n","protected":false},"excerpt":{"rendered":"","protected":false},"author":1,"featured_media":0,"parent":0,"menu_order":0,"comment_status":"open","ping_status":"closed","template":"","meta":{"footnotes":""},"class_list":["post-154","page","type-page","status-publish","hentry"],"_links":{"self":[{"href":"https:\/\/phiva.es\/de\/wp-json\/wp\/v2\/pages\/154","targetHints":{"allow":["GET"]}}],"collection":[{"href":"https:\/\/phiva.es\/de\/wp-json\/wp\/v2\/pages"}],"about":[{"href":"https:\/\/phiva.es\/de\/wp-json\/wp\/v2\/types\/page"}],"author":[{"embeddable":true,"href":"https:\/\/phiva.es\/de\/wp-json\/wp\/v2\/users\/1"}],"replies":[{"embeddable":true,"href":"https:\/\/phiva.es\/de\/wp-json\/wp\/v2\/comments?post=154"}],"version-history":[{"count":15,"href":"https:\/\/phiva.es\/de\/wp-json\/wp\/v2\/pages\/154\/revisions"}],"predecessor-version":[{"id":1636,"href":"https:\/\/phiva.es\/de\/wp-json\/wp\/v2\/pages\/154\/revisions\/1636"}],"wp:attachment":[{"href":"https:\/\/phiva.es\/de\/wp-json\/wp\/v2\/media?parent=154"}],"curies":[{"name":"wp","href":"https:\/\/api.w.org\/{rel}","templated":true}]}}